{"id":25,"date":"2019-12-18T10:39:25","date_gmt":"2019-12-18T09:39:25","guid":{"rendered":"https:\/\/www.die-sternfahrer.at\/wordpress\/?page_id=25"},"modified":"2020-01-12T11:06:21","modified_gmt":"2020-01-12T10:06:21","slug":"faqs","status":"publish","type":"page","link":"https:\/\/www.die-sternfahrer.at\/?page_id=25","title":{"rendered":"FAQs"},"content":{"rendered":"\t\t<div data-elementor-type=\"wp-page\" data-elementor-id=\"25\" class=\"elementor elementor-25\">\n\t\t\t\t\t\t<div class=\"elementor-inner\">\n\t\t\t\t<div class=\"elementor-section-wrap\">\n\t\t\t\t\t\t\t\t\t<section class=\"elementor-section elementor-top-section elementor-element elementor-element-3a27f73 elementor-section-content-middle elementor-section-boxed elementor-section-height-default elementor-section-height-default\" data-id=\"3a27f73\" data-element_type=\"section\">\n\t\t\t\t\t\t<div class=\"elementor-container elementor-column-gap-no\">\n\t\t\t\t\t\t\t<div class=\"elementor-row\">\n\t\t\t\t\t<div class=\"elementor-column elementor-col-100 elementor-top-column elementor-element elementor-element-4c862bf\" data-id=\"4c862bf\" data-element_type=\"column\">\n\t\t\t<div class=\"elementor-column-wrap\">\n\t\t\t\t\t\t\t<div class=\"elementor-widget-wrap\">\n\t\t\t\t\t\t\t\t<\/div>\n\t\t\t\t\t<\/div>\n\t\t<\/div>\n\t\t\t\t\t\t\t\t<\/div>\n\t\t\t\t\t<\/div>\n\t\t<\/section>\n\t\t\t\t<section class=\"elementor-section elementor-top-section elementor-element elementor-element-b85fa41 elementor-section-boxed elementor-section-height-default elementor-section-height-default\" data-id=\"b85fa41\" data-element_type=\"section\">\n\t\t\t\t\t\t<div class=\"elementor-container elementor-column-gap-default\">\n\t\t\t\t\t\t\t<div class=\"elementor-row\">\n\t\t\t\t\t<div class=\"elementor-column elementor-col-100 elementor-top-column elementor-element elementor-element-f8c7d31\" data-id=\"f8c7d31\" data-element_type=\"column\">\n\t\t\t<div class=\"elementor-column-wrap elementor-element-populated\">\n\t\t\t\t\t\t\t<div class=\"elementor-widget-wrap\">\n\t\t\t\t\t\t<div class=\"elementor-element elementor-element-0623776 elementor-widget elementor-widget-spacer\" data-id=\"0623776\" data-element_type=\"widget\" data-widget_type=\"spacer.default\">\n\t\t\t\t<div class=\"elementor-widget-container\">\n\t\t\t\t\t<div class=\"elementor-spacer\">\n\t\t\t<div class=\"elementor-spacer-inner\"><\/div>\n\t\t<\/div>\n\t\t\t\t<\/div>\n\t\t\t\t<\/div>\n\t\t\t\t<div class=\"elementor-element elementor-element-8c471df elementor-widget elementor-widget-heading\" data-id=\"8c471df\" data-element_type=\"widget\" data-widget_type=\"heading.default\">\n\t\t\t\t<div class=\"elementor-widget-container\">\n\t\t\t<h2 class=\"elementor-heading-title elementor-size-default\">Alles was Sie f\u00fcr eine Buchung wissen sollten<\/h2>\t\t<\/div>\n\t\t\t\t<\/div>\n\t\t\t\t<div class=\"elementor-element elementor-element-7d579ce elementor-widget elementor-widget-spacer\" data-id=\"7d579ce\" data-element_type=\"widget\" data-widget_type=\"spacer.default\">\n\t\t\t\t<div class=\"elementor-widget-container\">\n\t\t\t\t\t<div class=\"elementor-spacer\">\n\t\t\t<div class=\"elementor-spacer-inner\"><\/div>\n\t\t<\/div>\n\t\t\t\t<\/div>\n\t\t\t\t<\/div>\n\t\t\t\t\t\t<\/div>\n\t\t\t\t\t<\/div>\n\t\t<\/div>\n\t\t\t\t\t\t\t\t<\/div>\n\t\t\t\t\t<\/div>\n\t\t<\/section>\n\t\t\t\t<section class=\"elementor-section elementor-top-section elementor-element elementor-element-414b8f9 elementor-section-boxed elementor-section-height-default elementor-section-height-default\" data-id=\"414b8f9\" data-element_type=\"section\">\n\t\t\t\t\t\t<div class=\"elementor-container elementor-column-gap-default\">\n\t\t\t\t\t\t\t<div class=\"elementor-row\">\n\t\t\t\t\t<div class=\"elementor-column elementor-col-100 elementor-top-column elementor-element elementor-element-80b67f2\" data-id=\"80b67f2\" data-element_type=\"column\">\n\t\t\t<div class=\"elementor-column-wrap elementor-element-populated\">\n\t\t\t\t\t\t\t<div class=\"elementor-widget-wrap\">\n\t\t\t\t\t\t<div class=\"elementor-element elementor-element-752058a elementor-widget elementor-widget-text-editor\" data-id=\"752058a\" data-element_type=\"widget\" data-widget_type=\"text-editor.default\">\n\t\t\t\t<div class=\"elementor-widget-container\">\n\t\t\t\t\t\t\t\t<div class=\"elementor-text-editor elementor-clearfix\">\n\t\t\t\t<p style=\"text-align: center;\"><span style=\"color: #000000;\">Bei Fragen die hier nicht beantwortet werden k\u00f6nnen, kontaktieren Sie bitte:<\/span><\/p><p style=\"text-align: center;\"><span style=\"color: #000000;\">&#8211; telefonisch: +43(0)664\/5338185<\/span><\/p><p style=\"text-align: center;\"><span style=\"color: #000000;\">&#8211; per E-Mail:<strong><span style=\"color: #0000ff;\"> <a style=\"color: #0000ff;\" href=\"mailto:info@die-sternfahrer.at\">info@die-sternfahrer.at<\/a><\/span><\/strong><\/span><\/p>\t\t\t\t\t<\/div>\n\t\t\t\t\t\t<\/div>\n\t\t\t\t<\/div>\n\t\t\t\t\t\t<\/div>\n\t\t\t\t\t<\/div>\n\t\t<\/div>\n\t\t\t\t\t\t\t\t<\/div>\n\t\t\t\t\t<\/div>\n\t\t<\/section>\n\t\t\t\t<section class=\"elementor-section elementor-top-section elementor-element elementor-element-4ef5a0e elementor-section-boxed elementor-section-height-default elementor-section-height-default\" data-id=\"4ef5a0e\" data-element_type=\"section\">\n\t\t\t\t\t\t<div class=\"elementor-container elementor-column-gap-default\">\n\t\t\t\t\t\t\t<div class=\"elementor-row\">\n\t\t\t\t\t<div class=\"elementor-column elementor-col-100 elementor-top-column elementor-element elementor-element-ea730dc\" data-id=\"ea730dc\" data-element_type=\"column\">\n\t\t\t<div class=\"elementor-column-wrap elementor-element-populated\">\n\t\t\t\t\t\t\t<div class=\"elementor-widget-wrap\">\n\t\t\t\t\t\t<div class=\"elementor-element elementor-element-b51bdab elementor-widget elementor-widget-text-editor\" data-id=\"b51bdab\" data-element_type=\"widget\" data-widget_type=\"text-editor.default\">\n\t\t\t\t<div class=\"elementor-widget-container\">\n\t\t\t\t\t\t\t\t<div class=\"elementor-text-editor elementor-clearfix\">\n\t\t\t\t<h4 class=\"hh4\"><span style=\"color: #000000;\">Was ist ein mobiles Planetarium?<\/span><\/h4>\n<p><span style=\"color: #000000;\">Das mobile Planetarium ist aufblasbar und ein digitaler Projektor bespielt die Kuppel von innen mit 360\u00b0 Projektionen. Das Planetarium kann drinnen in ca. 45 Minuten aufgebaut werden.<br><\/span><\/p>\n<h4 class=\"hh4\"><span style=\"color: #000000;\">Was ist 360\u00b0 Unterhaltung?<\/span><\/h4>\n<p><span style=\"color: #000000;\">Mit dem digitalen Projektionssystem kann alles in die Kuppel projiziert werden. Die Themenauswahl reicht von reiner Astronomie, Biologie und Chemie in Schulen, bis zu Videospielen f\u00fcr Gamer und psychedelischen Videos auf Festivals.<\/span><\/p>\n<h4 class=\"hh4\"><span style=\"color: #000000;\">Wie gro\u00df ist das Planetarium?<\/span><\/h4>\n<p><span style=\"color: #000000;\">Das mobile Planetarium hat einen Durchmesser von 5 Metern.<\/span><\/p>\n<h4 class=\"hh4\"><span style=\"color: #000000;\">Kann das Planetarium auch drau\u00dfen verwendet werden?<\/span><\/h4>\n<p><span style=\"color: #000000;\">Grunds\u00e4tzlich ist das Planetarium nur f\u00fcr den Einsatz drinnen geeignet. Mit unserem 7 Meter gro\u00dfen Outdoorzelt kann das Planetarium unter bestimmten Wetterbedingungen auch drau\u00dfen aufgestellt werden.<\/span><\/p>\n<h4 class=\"hh4\"><span style=\"color: #000000;\">Bei welchen Wetterbedingungen kann das Planetarium drau\u00dfen aufgestellt werden?<\/span><\/h4>\n<p><span style=\"color: #000000;\">Sch\u00f6nes Wetter ist nat\u00fcrlich optimal. Das Outdoorzelt ist zwar wasserdicht, bei Sturm, Gewitter, Hagel oder Starkregen kann aus Sicherheitsgr\u00fcnden weder das Outdoorzelt, noch das Planetarium aufgestellt werden. Treffen diese Wetterbedingungen w\u00e4hrend einer Veranstaltung auf, muss die Veranstaltung abgebrochen werden.<\/span><\/p>\n<h4 class=\"hh4\"><span style=\"color: #000000;\">Wie viele Personen haben Platz?<\/span><\/h4>\n<p><span style=\"color: #000000;\">Bis zu 30 kleine Kinder, 20 Erwachsene auf Sitzs\u00e4cken oder 6 RollstuhlfahrerInnen<\/span><\/p>\n<h4 class=\"hh4\"><span style=\"color: #000000;\">Wie viel Platz ben\u00f6tigt das Planetarium?<\/span><\/h4>\n<p><span style=\"color: #000000;\">Drinnen: 5 * 6 Meter Grundfl\u00e4che und 3,1 Meter Raumh\u00f6he<\/span><br><span style=\"color: #000000;\">Drau\u00dfen: 7 * 7 Meter Grundfl\u00e4che (7 * 10 Meter mit dem Eingangszelt)<br><\/span><\/p>\n<h4 class=\"hh4\"><span style=\"color: #000000;\">Wie lange der Auf &#8211; und Abbau?<\/span><\/h4>\n<p><span style=\"color: #000000;\">Drinnen: Zwischen 45 und 60 Minuten f\u00fcr den Aufbau und ca. 30 Minuten f\u00fcr den Abbau<\/span><br><span style=\"color: #000000;\">Drau\u00dfen: Zwischen 2 und 3 Stunden f\u00fcr den Aufbau und 2 Stunden f\u00fcr den Abbau<\/span><\/p>\n<h4 class=\"hh4\"><span style=\"color: #000000;\">Was ben\u00f6tigen wir f\u00fcr den Aufbau?<\/span><\/h4>\n<p><span style=\"color: #000000;\">Drinnen: Einen sauberen und trockenen Boden<\/span><br><span style=\"color: #000000;\">Drau\u00dfen &amp; Drinnen: Eine Steckdose (Normal oder Starkstrom bis 32A)<\/span><\/p>\n<h4 class=\"hh4\"><span style=\"color: #000000;\">Gibt es ein Risikomanagement?<\/span><\/h4>\n<p><span style=\"color: #000000;\">Ja, das finden Sie <strong><span style=\"color: #0000ff;\"><a style=\"color: #0000ff;\" href=\"http:\/\/www.die-sternfahrer.at\/Gefahrenmanagement.pdf\" target=\"_blank\" rel=\"noopener\">hier<\/a><\/span><\/strong><\/span><\/p>\n<h4 class=\"hh4\"><span style=\"color: #000000;\">Wann muss ich bezahlen?<\/span><\/h4>\n<p><span style=\"color: #000000;\">Damit Ihre Buchung verbindlich wird, muss eine Vorauszahlung von 25% innerhalb von 14 Tagen nach der Buchung \u00fcberwiesen werden.<\/span><\/p>\n<h4 class=\"hh4\"><span style=\"color: #000000;\">Was passiert wenn unerwartet schlechte Wetterbedingen eintreffen? (gilt nur f\u00fcr Veranstaltungen die drau\u00dfen geplant sind)<\/span><\/h4>\n<p><span style=\"color: #000000;\">Dann wird die geleistete Vorauszahlung r\u00fcckerstattet.<\/span><\/p>\n<h4 class=\"hh4\"><span style=\"color: #000000;\">Kann ich auch stornieren?<\/span><\/h4>\n<p><span style=\"color: #000000;\">Ja, wenn die Stornierung 2 Wochen vor der geplanten Veranstaltung erfolgt. Ansonsten wird die geleistete Vorauszahlung einbehalten<\/span><\/p>\t\t\t\t\t<\/div>\n\t\t\t\t\t\t<\/div>\n\t\t\t\t<\/div>\n\t\t\t\t\t\t<\/div>\n\t\t\t\t\t<\/div>\n\t\t<\/div>\n\t\t\t\t\t\t\t\t<\/div>\n\t\t\t\t\t<\/div>\n\t\t<\/section>\n\t\t\t\t<section class=\"elementor-section elementor-top-section elementor-element elementor-element-58f80e0 elementor-section-boxed elementor-section-height-default elementor-section-height-default\" data-id=\"58f80e0\" data-element_type=\"section\">\n\t\t\t\t\t\t<div class=\"elementor-container elementor-column-gap-default\">\n\t\t\t\t\t\t\t<div class=\"elementor-row\">\n\t\t\t\t\t<div class=\"elementor-column elementor-col-100 elementor-top-column elementor-element elementor-element-ade0022\" data-id=\"ade0022\" data-element_type=\"column\">\n\t\t\t<div class=\"elementor-column-wrap elementor-element-populated\">\n\t\t\t\t\t\t\t<div class=\"elementor-widget-wrap\">\n\t\t\t\t\t\t<div class=\"elementor-element elementor-element-1a7f1a3 elementor-widget elementor-widget-spacer\" data-id=\"1a7f1a3\" data-element_type=\"widget\" data-widget_type=\"spacer.default\">\n\t\t\t\t<div class=\"elementor-widget-container\">\n\t\t\t\t\t<div class=\"elementor-spacer\">\n\t\t\t<div class=\"elementor-spacer-inner\"><\/div>\n\t\t<\/div>\n\t\t\t\t<\/div>\n\t\t\t\t<\/div>\n\t\t\t\t\t\t<\/div>\n\t\t\t\t\t<\/div>\n\t\t<\/div>\n\t\t\t\t\t\t\t\t<\/div>\n\t\t\t\t\t<\/div>\n\t\t<\/section>\n\t\t\t\t\t\t\t\t\t<\/div>\n\t\t\t<\/div>\n\t\t\t\t\t<\/div>\n\t\t","protected":false},"excerpt":{"rendered":"<p>Alles was Sie f\u00fcr eine Buchung wissen sollten Bei Fragen die hier nicht beantwortet werden k\u00f6nnen, kontaktieren Sie bitte: &#8211; telefonisch: +43(0)664\/5338185 &#8211; per E-Mail: info@die-sternfahrer.at Was ist ein mobiles Planetarium? Das mobile Planetarium ist aufblasbar und ein digitaler Projektor bespielt die Kuppel von innen mit 360\u00b0 Projektionen. Das Planetarium kann drinnen in ca. 45 [&hellip;]<\/p>\n","protected":false},"author":1,"featured_media":0,"parent":0,"menu_order":0,"comment_status":"closed","ping_status":"closed","template":"elementor_header_footer","meta":{"ocean_post_layout":"full-width","ocean_both_sidebars_style":"","ocean_both_sidebars_content_width":0,"ocean_both_sidebars_sidebars_width":0,"ocean_sidebar":"0","ocean_second_sidebar":"0","ocean_disable_margins":"on","ocean_add_body_class":"","ocean_shortcode_before_top_bar":"","ocean_shortcode_after_top_bar":"","ocean_shortcode_before_header":"","ocean_shortcode_after_header":"","ocean_has_shortcode":"","ocean_shortcode_after_title":"","ocean_shortcode_before_footer_widgets":"","ocean_shortcode_after_footer_widgets":"","ocean_shortcode_before_footer_bottom":"","ocean_shortcode_after_footer_bottom":"","ocean_display_top_bar":"off","ocean_display_header":"on","ocean_header_style":"medium","ocean_center_header_left_menu":"0","ocean_custom_header_template":"0","ocean_custom_logo":0,"ocean_custom_retina_logo":0,"ocean_custom_logo_max_width":0,"ocean_custom_logo_tablet_max_width":0,"ocean_custom_logo_mobile_max_width":0,"ocean_custom_logo_max_height":0,"ocean_custom_logo_tablet_max_height":0,"ocean_custom_logo_mobile_max_height":0,"ocean_header_custom_menu":"0","ocean_menu_typo_font_family":"0","ocean_menu_typo_font_subset":"","ocean_menu_typo_font_size":0,"ocean_menu_typo_font_size_tablet":0,"ocean_menu_typo_font_size_mobile":0,"ocean_menu_typo_font_size_unit":"px","ocean_menu_typo_font_weight":"","ocean_menu_typo_font_weight_tablet":"","ocean_menu_typo_font_weight_mobile":"","ocean_menu_typo_transform":"","ocean_menu_typo_transform_tablet":"","ocean_menu_typo_transform_mobile":"","ocean_menu_typo_line_height":0,"ocean_menu_typo_line_height_tablet":0,"ocean_menu_typo_line_height_mobile":0,"ocean_menu_typo_line_height_unit":"","ocean_menu_typo_spacing":0,"ocean_menu_typo_spacing_tablet":0,"ocean_menu_typo_spacing_mobile":0,"ocean_menu_typo_spacing_unit":"","ocean_menu_link_color":"","ocean_menu_link_color_hover":"","ocean_menu_link_color_active":"","ocean_menu_link_background":"","ocean_menu_link_hover_background":"","ocean_menu_link_active_background":"","ocean_menu_social_links_bg":"","ocean_menu_social_hover_links_bg":"","ocean_menu_social_links_color":"","ocean_menu_social_hover_links_color":"","ocean_disable_title":"on","ocean_disable_heading":"default","ocean_post_title":"","ocean_post_subheading":"","ocean_post_title_style":"","ocean_post_title_background_color":"","ocean_post_title_background":0,"ocean_post_title_bg_image_position":"","ocean_post_title_bg_image_attachment":"","ocean_post_title_bg_image_repeat":"","ocean_post_title_bg_image_size":"","ocean_post_title_height":0,"ocean_post_title_bg_overlay":0.5,"ocean_post_title_bg_overlay_color":"","ocean_disable_breadcrumbs":"default","ocean_breadcrumbs_color":"","ocean_breadcrumbs_separator_color":"","ocean_breadcrumbs_links_color":"","ocean_breadcrumbs_links_hover_color":"","ocean_display_footer_widgets":"default","ocean_display_footer_bottom":"default","ocean_custom_footer_template":"0","footnotes":""},"class_list":["post-25","page","type-page","status-publish","hentry","entry","owp-thumbs-layout-horizontal","owp-btn-normal","owp-tabs-layout-horizontal","has-no-thumbnails","has-product-nav"],"_links":{"self":[{"href":"https:\/\/www.die-sternfahrer.at\/index.php?rest_route=\/wp\/v2\/pages\/25","targetHints":{"allow":["GET"]}}],"collection":[{"href":"https:\/\/www.die-sternfahrer.at\/index.php?rest_route=\/wp\/v2\/pages"}],"about":[{"href":"https:\/\/www.die-sternfahrer.at\/index.php?rest_route=\/wp\/v2\/types\/page"}],"author":[{"embeddable":true,"href":"https:\/\/www.die-sternfahrer.at\/index.php?rest_route=\/wp\/v2\/users\/1"}],"replies":[{"embeddable":true,"href":"https:\/\/www.die-sternfahrer.at\/index.php?rest_route=%2Fwp%2Fv2%2Fcomments&post=25"}],"version-history":[{"count":15,"href":"https:\/\/www.die-sternfahrer.at\/index.php?rest_route=\/wp\/v2\/pages\/25\/revisions"}],"predecessor-version":[{"id":1504,"href":"https:\/\/www.die-sternfahrer.at\/index.php?rest_route=\/wp\/v2\/pages\/25\/revisions\/1504"}],"wp:attachment":[{"href":"https:\/\/www.die-sternfahrer.at\/index.php?rest_route=%2Fwp%2Fv2%2Fmedia&parent=25"}],"curies":[{"name":"wp","href":"https:\/\/api.w.org\/{rel}","templated":true}]}}