{"id":19,"date":"2019-12-18T10:37:29","date_gmt":"2019-12-18T09:37:29","guid":{"rendered":"https:\/\/www.die-sternfahrer.at\/wordpress\/?page_id=19"},"modified":"2025-02-26T15:04:06","modified_gmt":"2025-02-26T14:04:06","slug":"preise","status":"publish","type":"page","link":"https:\/\/www.die-sternfahrer.at\/?page_id=19","title":{"rendered":"Preise"},"content":{"rendered":"\t\t<div data-elementor-type=\"wp-page\" data-elementor-id=\"19\" class=\"elementor elementor-19\">\n\t\t\t\t\t\t<div class=\"elementor-inner\">\n\t\t\t\t<div class=\"elementor-section-wrap\">\n\t\t\t\t\t\t\t\t\t<section class=\"elementor-section elementor-top-section elementor-element elementor-element-07ea119 elementor-section-content-middle elementor-section-boxed elementor-section-height-default elementor-section-height-default\" data-id=\"07ea119\" data-element_type=\"section\">\n\t\t\t\t\t\t<div class=\"elementor-container elementor-column-gap-no\">\n\t\t\t\t\t\t\t<div class=\"elementor-row\">\n\t\t\t\t\t<div class=\"elementor-column elementor-col-100 elementor-top-column elementor-element elementor-element-38247a8\" data-id=\"38247a8\" data-element_type=\"column\">\n\t\t\t<div class=\"elementor-column-wrap\">\n\t\t\t\t\t\t\t<div class=\"elementor-widget-wrap\">\n\t\t\t\t\t\t\t\t<\/div>\n\t\t\t\t\t<\/div>\n\t\t<\/div>\n\t\t\t\t\t\t\t\t<\/div>\n\t\t\t\t\t<\/div>\n\t\t<\/section>\n\t\t\t\t<section class=\"elementor-section elementor-top-section elementor-element elementor-element-8f2d13a elementor-section-boxed elementor-section-height-default elementor-section-height-default\" data-id=\"8f2d13a\" data-element_type=\"section\">\n\t\t\t\t\t\t<div class=\"elementor-container elementor-column-gap-default\">\n\t\t\t\t\t\t\t<div class=\"elementor-row\">\n\t\t\t\t\t<div class=\"elementor-column elementor-col-100 elementor-top-column elementor-element elementor-element-d6f8275\" data-id=\"d6f8275\" data-element_type=\"column\">\n\t\t\t<div class=\"elementor-column-wrap elementor-element-populated\">\n\t\t\t\t\t\t\t<div class=\"elementor-widget-wrap\">\n\t\t\t\t\t\t<div class=\"elementor-element elementor-element-c2ea8a5 elementor-widget elementor-widget-spacer\" data-id=\"c2ea8a5\" data-element_type=\"widget\" data-widget_type=\"spacer.default\">\n\t\t\t\t<div class=\"elementor-widget-container\">\n\t\t\t\t\t<div class=\"elementor-spacer\">\n\t\t\t<div class=\"elementor-spacer-inner\"><\/div>\n\t\t<\/div>\n\t\t\t\t<\/div>\n\t\t\t\t<\/div>\n\t\t\t\t<div class=\"elementor-element elementor-element-1a95dfc elementor-widget elementor-widget-heading\" data-id=\"1a95dfc\" data-element_type=\"widget\" data-widget_type=\"heading.default\">\n\t\t\t\t<div class=\"elementor-widget-container\">\n\t\t\t<h1 class=\"elementor-heading-title elementor-size-default\">Preise<\/h1>\t\t<\/div>\n\t\t\t\t<\/div>\n\t\t\t\t\t\t<\/div>\n\t\t\t\t\t<\/div>\n\t\t<\/div>\n\t\t\t\t\t\t\t\t<\/div>\n\t\t\t\t\t<\/div>\n\t\t<\/section>\n\t\t\t\t<section class=\"elementor-section elementor-top-section elementor-element elementor-element-ba631d3 elementor-section-boxed elementor-section-height-default elementor-section-height-default\" data-id=\"ba631d3\" data-element_type=\"section\">\n\t\t\t\t\t\t<div class=\"elementor-container elementor-column-gap-default\">\n\t\t\t\t\t\t\t<div class=\"elementor-row\">\n\t\t\t\t\t<div class=\"elementor-column elementor-col-100 elementor-top-column elementor-element elementor-element-81d3607\" data-id=\"81d3607\" data-element_type=\"column\">\n\t\t\t<div class=\"elementor-column-wrap elementor-element-populated\">\n\t\t\t\t\t\t\t<div class=\"elementor-widget-wrap\">\n\t\t\t\t\t\t<div class=\"elementor-element elementor-element-2f58f67 elementor-widget elementor-widget-text-editor\" data-id=\"2f58f67\" data-element_type=\"widget\" data-widget_type=\"text-editor.default\">\n\t\t\t\t<div class=\"elementor-widget-container\">\n\t\t\t\t\t\t\t\t<div class=\"elementor-text-editor elementor-clearfix\">\n\t\t\t\t<div>\n<p style=\"text-align: center;\"><span style=\"color: #000000;\">Die Preise werden individuell gestaltet und richten sich nach Einsatzort, Dauer, Ausstattung (Matten, Sitzs\u00e4cke) und Umfang der Veranstaltung. Als Richtwerte k\u00f6nnen folgende Fixpreise genommen werden:<\/span><\/p>\n<h2 style=\"text-align: center;\"><span style=\"color: #000000;\">Preise f\u00fcr Schulen:<\/span><\/h2>\n<p style=\"text-align: center;\"><span style=\"color: #000000;\">Indoor: ab 300 \u20ac f\u00fcr die erste Stunde, ab 100 \u20ac f\u00fcr jede weitere Stunde<\/span><\/p>\n<p style=\"text-align: center;\"><span style=\"color: #000000;\">ACHTUNG: F\u00f6rderungen von bis zu 300 \u20ac f\u00fcr Grazer Schule m\u00f6glich!!!<\/span><\/p>\n<p style=\"text-align: center;\"><span style=\"color: #000000;\">Bastelzuschlag: 2 \u20ac pro Kind<\/span><\/p>\n<h2 style=\"text-align: center;\"><span style=\"color: #000000;\">Preise f\u00fcr Kindergeburtstage:<\/span><\/h2>\n<p style=\"text-align: center;\"><span style=\"color: #000000;\"><strong>maximal 20 Kinder<\/strong><\/span><\/p>\n<p style=\"text-align: center;\"><span style=\"color: #000000;\"><strong>Indoor:<\/strong> 1,5 Stunden: ab 35<\/span><span style=\"color: #000000;\">0 \u20ac<\/span><\/p>\n<h2 style=\"text-align: center;\"><span style=\"color: #000000;\">Preise f\u00fcr Firmenfeiern, Geburtstage und Hochzeiten:<\/span><\/h2>\n<p style=\"text-align: center;\"><span style=\"color: #000000;\"><strong>Indoor:<\/strong> 3 Stunden mit Sitzs\u00e4cken: ab 700 \u20ac<\/span><\/p>\n<p style=\"text-align: center;\"><span style=\"color: #000000;\"><strong>Indoor:<\/strong> 5 Stunden mit Sitzs\u00e4cken: ab 1000 \u20ac<\/span><\/p>\n<p style=\"text-align: center;\"><span style=\"color: #000000;\">Alle hier angegebenen Preise sind inklusive Auf- und Abbau.<\/span><\/p>\n<p style=\"text-align: center;\"><span style=\"color: #000000;\">F\u00fcr Veranstaltungen au\u00dferhalb von Graz und Graz-Umgebung, werden pro gefahrenen Kilometer 0,50 \u20ac verrechnet.<\/span><br><span style=\"color: #000000;\">Bei mehr als 150 gefahrener Kilometer gibt es einen Rabatt!<\/span><\/p>\n<\/div>\t\t\t\t\t<\/div>\n\t\t\t\t\t\t<\/div>\n\t\t\t\t<\/div>\n\t\t\t\t\t\t<\/div>\n\t\t\t\t\t<\/div>\n\t\t<\/div>\n\t\t\t\t\t\t\t\t<\/div>\n\t\t\t\t\t<\/div>\n\t\t<\/section>\n\t\t\t\t<section class=\"elementor-section elementor-top-section elementor-element elementor-element-fc8f476 elementor-section-boxed elementor-section-height-default elementor-section-height-default\" data-id=\"fc8f476\" data-element_type=\"section\">\n\t\t\t\t\t\t<div class=\"elementor-container elementor-column-gap-default\">\n\t\t\t\t\t\t\t<div class=\"elementor-row\">\n\t\t\t\t\t<div class=\"elementor-column elementor-col-100 elementor-top-column elementor-element elementor-element-f0eec71\" data-id=\"f0eec71\" data-element_type=\"column\">\n\t\t\t<div class=\"elementor-column-wrap elementor-element-populated\">\n\t\t\t\t\t\t\t<div class=\"elementor-widget-wrap\">\n\t\t\t\t\t\t<div class=\"elementor-element elementor-element-5e1a6a6 elementor-widget elementor-widget-spacer\" data-id=\"5e1a6a6\" data-element_type=\"widget\" data-widget_type=\"spacer.default\">\n\t\t\t\t<div class=\"elementor-widget-container\">\n\t\t\t\t\t<div class=\"elementor-spacer\">\n\t\t\t<div class=\"elementor-spacer-inner\"><\/div>\n\t\t<\/div>\n\t\t\t\t<\/div>\n\t\t\t\t<\/div>\n\t\t\t\t\t\t<\/div>\n\t\t\t\t\t<\/div>\n\t\t<\/div>\n\t\t\t\t\t\t\t\t<\/div>\n\t\t\t\t\t<\/div>\n\t\t<\/section>\n\t\t\t\t\t\t\t\t\t<\/div>\n\t\t\t<\/div>\n\t\t\t\t\t<\/div>\n\t\t","protected":false},"excerpt":{"rendered":"<p>Preise Die Preise werden individuell gestaltet und richten sich nach Einsatzort, Dauer, Ausstattung (Matten, Sitzs\u00e4cke) und Umfang der Veranstaltung. Als Richtwerte k\u00f6nnen folgende Fixpreise genommen werden: Preise f\u00fcr Schulen: Indoor: ab 300 \u20ac f\u00fcr die erste Stunde, ab 100 \u20ac f\u00fcr jede weitere Stunde ACHTUNG: F\u00f6rderungen von bis zu 300 \u20ac f\u00fcr Grazer Schule m\u00f6glich!!! [&hellip;]<\/p>\n","protected":false},"author":1,"featured_media":0,"parent":0,"menu_order":0,"comment_status":"closed","ping_status":"closed","template":"elementor_header_footer","meta":{"ocean_post_layout":"full-width","ocean_both_sidebars_style":"","ocean_both_sidebars_content_width":0,"ocean_both_sidebars_sidebars_width":0,"ocean_sidebar":"0","ocean_second_sidebar":"0","ocean_disable_margins":"on","ocean_add_body_class":"","ocean_shortcode_before_top_bar":"","ocean_shortcode_after_top_bar":"","ocean_shortcode_before_header":"","ocean_shortcode_after_header":"","ocean_has_shortcode":"","ocean_shortcode_after_title":"","ocean_shortcode_before_footer_widgets":"","ocean_shortcode_after_footer_widgets":"","ocean_shortcode_before_footer_bottom":"","ocean_shortcode_after_footer_bottom":"","ocean_display_top_bar":"off","ocean_display_header":"on","ocean_header_style":"medium","ocean_center_header_left_menu":"0","ocean_custom_header_template":"0","ocean_custom_logo":0,"ocean_custom_retina_logo":0,"ocean_custom_logo_max_width":0,"ocean_custom_logo_tablet_max_width":0,"ocean_custom_logo_mobile_max_width":0,"ocean_custom_logo_max_height":0,"ocean_custom_logo_tablet_max_height":0,"ocean_custom_logo_mobile_max_height":0,"ocean_header_custom_menu":"0","ocean_menu_typo_font_family":"0","ocean_menu_typo_font_subset":"","ocean_menu_typo_font_size":0,"ocean_menu_typo_font_size_tablet":0,"ocean_menu_typo_font_size_mobile":0,"ocean_menu_typo_font_size_unit":"px","ocean_menu_typo_font_weight":"","ocean_menu_typo_font_weight_tablet":"","ocean_menu_typo_font_weight_mobile":"","ocean_menu_typo_transform":"","ocean_menu_typo_transform_tablet":"","ocean_menu_typo_transform_mobile":"","ocean_menu_typo_line_height":0,"ocean_menu_typo_line_height_tablet":0,"ocean_menu_typo_line_height_mobile":0,"ocean_menu_typo_line_height_unit":"","ocean_menu_typo_spacing":0,"ocean_menu_typo_spacing_tablet":0,"ocean_menu_typo_spacing_mobile":0,"ocean_menu_typo_spacing_unit":"","ocean_menu_link_color":"","ocean_menu_link_color_hover":"","ocean_menu_link_color_active":"","ocean_menu_link_background":"","ocean_menu_link_hover_background":"","ocean_menu_link_active_background":"","ocean_menu_social_links_bg":"","ocean_menu_social_hover_links_bg":"","ocean_menu_social_links_color":"","ocean_menu_social_hover_links_color":"","ocean_disable_title":"on","ocean_disable_heading":"default","ocean_post_title":"","ocean_post_subheading":"","ocean_post_title_style":"","ocean_post_title_background_color":"","ocean_post_title_background":0,"ocean_post_title_bg_image_position":"","ocean_post_title_bg_image_attachment":"","ocean_post_title_bg_image_repeat":"","ocean_post_title_bg_image_size":"","ocean_post_title_height":0,"ocean_post_title_bg_overlay":0.5,"ocean_post_title_bg_overlay_color":"","ocean_disable_breadcrumbs":"default","ocean_breadcrumbs_color":"","ocean_breadcrumbs_separator_color":"","ocean_breadcrumbs_links_color":"","ocean_breadcrumbs_links_hover_color":"","ocean_display_footer_widgets":"off","ocean_display_footer_bottom":"on","ocean_custom_footer_template":"0","footnotes":""},"class_list":["post-19","page","type-page","status-publish","hentry","entry","owp-thumbs-layout-horizontal","owp-btn-normal","owp-tabs-layout-horizontal","has-no-thumbnails","has-product-nav"],"_links":{"self":[{"href":"https:\/\/www.die-sternfahrer.at\/index.php?rest_route=\/wp\/v2\/pages\/19","targetHints":{"allow":["GET"]}}],"collection":[{"href":"https:\/\/www.die-sternfahrer.at\/index.php?rest_route=\/wp\/v2\/pages"}],"about":[{"href":"https:\/\/www.die-sternfahrer.at\/index.php?rest_route=\/wp\/v2\/types\/page"}],"author":[{"embeddable":true,"href":"https:\/\/www.die-sternfahrer.at\/index.php?rest_route=\/wp\/v2\/users\/1"}],"replies":[{"embeddable":true,"href":"https:\/\/www.die-sternfahrer.at\/index.php?rest_route=%2Fwp%2Fv2%2Fcomments&post=19"}],"version-history":[{"count":46,"href":"https:\/\/www.die-sternfahrer.at\/index.php?rest_route=\/wp\/v2\/pages\/19\/revisions"}],"predecessor-version":[{"id":19332,"href":"https:\/\/www.die-sternfahrer.at\/index.php?rest_route=\/wp\/v2\/pages\/19\/revisions\/19332"}],"wp:attachment":[{"href":"https:\/\/www.die-sternfahrer.at\/index.php?rest_route=%2Fwp%2Fv2%2Fmedia&parent=19"}],"curies":[{"name":"wp","href":"https:\/\/api.w.org\/{rel}","templated":true}]}}